{"id":121,"date":"2022-12-19T19:02:58","date_gmt":"2022-12-19T19:02:58","guid":{"rendered":"https:\/\/neu.maltesertauben.de\/?page_id=121"},"modified":"2025-10-22T19:14:24","modified_gmt":"2025-10-22T18:14:24","slug":"startseite","status":"publish","type":"page","link":"https:\/\/maltesertauben.de\/","title":{"rendered":"Herzlich Willkommen"},"content":{"rendered":"\n<p class=\"has-text-align-center\"><\/p>\n\n\n\n<p><\/p>\n\n\n\n<div class=\"wp-block-media-text alignwide is-stacked-on-mobile is-vertically-aligned-top\" style=\"grid-template-columns:34% auto\"><figure class=\"wp-block-media-text__media\"><img decoding=\"async\" width=\"302\" height=\"315\" src=\"https:\/\/maltesertauben.de\/wp-content\/uploads\/2023\/01\/aufkleber.gif\" alt=\"\" class=\"wp-image-1885 size-full\"\/><\/figure><div class=\"wp-block-media-text__content\">\n<p class=\"has-text-align-center\"><strong>HERZLICH WILLKOMMEN!<\/strong><\/p>\n\n\n\n<p class=\"has-text-align-center\"><em>Nutzen Sie gern die <strong>Kommentarfunktion<\/strong>, um uns Ihre Meinung mitzuteilen!<\/em><br><\/p>\n\n\n\n<p><\/p>\n\n\n\n<p class=\"has-text-align-left\"><span style=\"font-family: 'Arial',sans-serif; color: black;\">Liebe Zuchtfreundinnen, liebe Zuchtfreunde,<\/span><br \/><span style=\"font-family: 'Arial',sans-serif; color: black;\">liebe Jungz\u00fcchterinnen, liebe Jungz\u00fcchter,<\/span><\/p>\n\n\n\n<p>Das n\u00e4chste Event ist die Europaschau in Nitra Slowakei. Die Schau findet vom 04.-09.11.2025 statt.<\/p>\n\n\n\n<p>Vom 05.-07.12.2025 findet die HSS in Leipzig anl\u00e4sslich der 74. Deutschen Rassetaubenschau (VDT-Schau) statt. <\/p>\n\n\n\n<p class=\"has-text-align-left\"><strong>Interessenten sind gern bei uns im Club gesehen.<br>Werden Sie Mitglied in unserem SV.<br>Sprechen Sie uns an.<\/strong><\/p>\n\n\n\n<p class=\"has-text-align-left\">Der Vorstand<\/p>\n<\/div><\/div>\n","protected":false},"excerpt":{"rendered":"<p>HERZLICH WILLKOMMEN! Nutzen Sie gern die Kommentarfunktion, um uns Ihre Meinung mitzuteilen! Liebe Zuchtfreundinnen, liebe Zuchtfreunde,liebe Jungz\u00fcchterinnen, liebe Jungz\u00fcchter, Das n\u00e4chste Event ist die Europaschau in Nitra Slowakei. Die Schau findet vom 04.-09.11.2025 statt. Vom 05.-07.12.2025 findet die HSS in Leipzig anl\u00e4sslich der 74. Deutschen Rassetaubenschau (VDT-Schau) statt. Interessenten sind gern bei uns im Club gesehen.Werden Sie Mitglied in unserem SV.Sprechen Sie uns an. Der Vorstand<\/p>\n","protected":false},"author":1,"featured_media":0,"parent":0,"menu_order":0,"comment_status":"closed","ping_status":"closed","template":"","meta":{"footnotes":""},"class_list":["post-121","page","type-page","status-publish","hentry"],"acf":[],"_links":{"self":[{"href":"https:\/\/maltesertauben.de\/index.php\/wp-json\/wp\/v2\/pages\/121","targetHints":{"allow":["GET"]}}],"collection":[{"href":"https:\/\/maltesertauben.de\/index.php\/wp-json\/wp\/v2\/pages"}],"about":[{"href":"https:\/\/maltesertauben.de\/index.php\/wp-json\/wp\/v2\/types\/page"}],"author":[{"embeddable":true,"href":"https:\/\/maltesertauben.de\/index.php\/wp-json\/wp\/v2\/users\/1"}],"replies":[{"embeddable":true,"href":"https:\/\/maltesertauben.de\/index.php\/wp-json\/wp\/v2\/comments?post=121"}],"version-history":[{"count":71,"href":"https:\/\/maltesertauben.de\/index.php\/wp-json\/wp\/v2\/pages\/121\/revisions"}],"predecessor-version":[{"id":2643,"href":"https:\/\/maltesertauben.de\/index.php\/wp-json\/wp\/v2\/pages\/121\/revisions\/2643"}],"wp:attachment":[{"href":"https:\/\/maltesertauben.de\/index.php\/wp-json\/wp\/v2\/media?parent=121"}],"curies":[{"name":"wp","href":"https:\/\/api.w.org\/{rel}","templated":true}]}}